{"id":14,"date":"2026-05-15T13:07:16","date_gmt":"2026-05-15T13:07:16","guid":{"rendered":"https:\/\/clarke.igorfaria.com\/?page_id=14"},"modified":"2026-05-15T14:36:13","modified_gmt":"2026-05-15T14:36:13","slug":"clarke","status":"publish","type":"page","link":"https:\/\/clarke.igorfaria.com\/","title":{"rendered":"Clarke"},"content":{"rendered":"\t\t<div data-elementor-type=\"wp-page\" data-elementor-id=\"14\" class=\"elementor elementor-14\" data-elementor-post-type=\"page\">\n\t\t\t\t<div class=\"elementor-element elementor-element-d24545c e-con-full e-flex e-con e-parent\" data-id=\"d24545c\" data-element_type=\"container\" data-e-type=\"container\">\n\t\t\t\t<div class=\"elementor-element elementor-element-94d2e9a elementor-widget elementor-widget-html\" data-id=\"94d2e9a\" data-element_type=\"widget\" data-e-type=\"widget\" data-widget_type=\"html.default\">\n\t\t\t\t\t<style>\n  :root {\n    --clk-primary: #0F2A1D;\n    --clk-accent: #00C46A;\n    --clk-accent-2: #7CF0B5;\n    --clk-bg: #FFFFFF;\n    --clk-muted: #6B7280;\n    --clk-dark: #0A0A0A;\n    --clk-font: -apple-system, \"Inter\", \"Segoe UI\", Roboto, sans-serif;\n  }\n  .clk-hero {\n    font-family: var(--clk-font);\n    background: radial-gradient(ellipse at top right, #1a4a33 0%, var(--clk-primary) 60%);\n    color: #fff;\n    min-height: 100vh;\n    min-height: 100svh; \/* mobile: ignora barra de endere\u00e7o *\/\n    display: flex;\n    align-items: center;\n    justify-content: center;\n    padding: 80px 24px;\n    box-sizing: border-box;\n    position: relative;\n    overflow: hidden;\n  }\n  .clk-hero::before {\n    content: \"\";\n    position: absolute;\n    inset: 0;\n    background:\n      radial-gradient(circle at 15% 85%, rgba(0,196,106,.18), transparent 45%),\n      radial-gradient(circle at 90% 10%, rgba(124,240,181,.12), transparent 50%);\n    pointer-events: none;\n  }\n  .clk-hero__wrap {\n    position: relative;\n    width: 100%;\n    max-width: 1180px;\n    margin: 0 auto;\n    display: grid;\n    grid-template-columns: 1.1fr 1fr;\n    gap: 56px;\n    align-items: center;\n  }\n  .clk-hero__tag {\n    display: inline-block;\n    background: rgba(0,196,106,.15);\n    color: var(--clk-accent-2);\n    padding: 6px 14px;\n    border-radius: 999px;\n    font-size: 13px;\n    font-weight: 600;\n    letter-spacing: .3px;\n    margin-bottom: 20px;\n  }\n  .clk-hero h1 {\n    font-size: clamp(32px, 5vw, 58px);\n    line-height: 1.05;\n    margin: 0 0 20px;\n    font-weight: 700;\n    letter-spacing: -.02em;\n  }\n  .clk-hero h1 span { color: var(--clk-accent); }\n  .clk-hero p {\n    font-size: clamp(15px, 1.6vw, 18px);\n    line-height: 1.55;\n    color: #d8e7df;\n    margin: 0 0 32px;\n    max-width: 540px;\n  }\n  .clk-hero__ctas { display: flex; gap: 14px; flex-wrap: wrap; }\n  .clk-btn {\n    display: inline-block;\n    padding: 16px 28px;\n    border-radius: 10px;\n    font-weight: 600;\n    font-size: 15px;\n    text-decoration: none;\n    transition: transform .15s ease, box-shadow .15s ease, background .15s ease;\n    text-align: center;\n  }\n  .clk-btn--primary {\n    background: var(--clk-accent);\n    color: var(--clk-primary);\n    box-shadow: 0 10px 30px -10px rgba(0,196,106,.55);\n  }\n  .clk-btn--primary:hover { transform: translateY(-2px); }\n  .clk-btn--ghost {\n    background: transparent;\n    color: #fff;\n    border: 1px solid rgba(255,255,255,.3);\n  }\n  .clk-btn--ghost:hover { background: rgba(255,255,255,.08); }\n  .clk-hero__art {\n    aspect-ratio: 4\/3;\n    border-radius: 18px;\n    background: linear-gradient(135deg, #143a28, #0a1f15);\n    border: 1px solid rgba(124,240,181,.18);\n    position: relative;\n    overflow: hidden;\n    width: 100%;\n  }\n  .clk-hero__art::after {\n    content: \"\";\n    position: absolute;\n    inset: 0;\n    background:\n      radial-gradient(circle at 30% 30%, rgba(0,196,106,.35), transparent 50%),\n      radial-gradient(circle at 80% 70%, rgba(124,240,181,.25), transparent 45%);\n  }\n\n  \/* Tablet *\/\n  @media (max-width: 960px) {\n    .clk-hero__wrap { grid-template-columns: 1fr; gap: 40px; }\n    .clk-hero__art { max-width: 520px; margin: 0 auto; aspect-ratio: 16\/10; }\n  }\n\n  \/* Mobile *\/\n  @media (max-width: 600px) {\n    .clk-hero { padding: 96px 20px 64px; align-items: flex-start; }\n    .clk-hero__wrap { gap: 32px; }\n    .clk-hero p { font-size: 16px; }\n    .clk-btn { padding: 14px 22px; font-size: 14px; width: 100%; }\n    .clk-hero__ctas { width: 100%; }\n    .clk-hero__art { aspect-ratio: 4\/3; }\n  }\n\n  \/* Telas muito baixas (paisagem mobile) *\/\n  @media (max-height: 600px) and (min-width: 600px) {\n    .clk-hero { min-height: auto; padding: 60px 24px; }\n  }\n<\/style>\n\n<section class=\"clk-hero\">\n  <div class=\"clk-hero__wrap\">\n    <div>\n      <!--<span class=\"clk-hero__tag\">\u25cf Mercado Livre de Energia<\/span>-->\n      <h1>Conectando energia solar a mais <span>lucro<\/span> e crescimento.<\/h1>\n      <!--<p>A Clarke conecta sua empresa ao mercado livre de energia com tecnologia, transpar\u00eancia e fontes 100% renov\u00e1veis \u2014 sem complica\u00e7\u00e3o e com economia real.<\/p>-->\n      \n      <div class=\"clk-hero__ctas\">\n        <a href=\"#contato\" class=\"clk-btn clk-btn--primary\">Fa\u00e7a uma simula\u00e7\u00e3o gr\u00e1tis<\/a>\n        <a href=\"#sobre\" class=\"clk-btn clk-btn--ghost\">Como funciona<\/a>\n      <\/div>\n    <\/div>\n    <div class=\"clk-hero__art\" aria-hidden=\"true\"><\/div>\n  <\/div>\n<\/section>\t\t\t\t<\/div>\n\t\t\t\t<\/div>\n\t\t\t\t<\/div>\n\t\t","protected":false},"excerpt":{"rendered":"<p>Conectando energia solar a mais lucro e crescimento. Fa\u00e7a uma simula\u00e7\u00e3o gr\u00e1tis Como funciona<\/p>\n","protected":false},"author":1,"featured_media":0,"parent":0,"menu_order":0,"comment_status":"closed","ping_status":"closed","template":"elementor_header_footer","meta":{"footnotes":""},"class_list":["post-14","page","type-page","status-publish","hentry"],"_links":{"self":[{"href":"https:\/\/clarke.igorfaria.com\/index.php?rest_route=\/wp\/v2\/pages\/14","targetHints":{"allow":["GET"]}}],"collection":[{"href":"https:\/\/clarke.igorfaria.com\/index.php?rest_route=\/wp\/v2\/pages"}],"about":[{"href":"https:\/\/clarke.igorfaria.com\/index.php?rest_route=\/wp\/v2\/types\/page"}],"author":[{"embeddable":true,"href":"https:\/\/clarke.igorfaria.com\/index.php?rest_route=\/wp\/v2\/users\/1"}],"replies":[{"embeddable":true,"href":"https:\/\/clarke.igorfaria.com\/index.php?rest_route=%2Fwp%2Fv2%2Fcomments&post=14"}],"version-history":[{"count":5,"href":"https:\/\/clarke.igorfaria.com\/index.php?rest_route=\/wp\/v2\/pages\/14\/revisions"}],"predecessor-version":[{"id":74,"href":"https:\/\/clarke.igorfaria.com\/index.php?rest_route=\/wp\/v2\/pages\/14\/revisions\/74"}],"wp:attachment":[{"href":"https:\/\/clarke.igorfaria.com\/index.php?rest_route=%2Fwp%2Fv2%2Fmedia&parent=14"}],"curies":[{"name":"wp","href":"https:\/\/api.w.org\/{rel}","templated":true}]}}